{"id":10945,"date":"2024-04-30T12:55:31","date_gmt":"2024-04-30T12:55:31","guid":{"rendered":"https:\/\/dogsitting24.ch\/?page_id=10945"},"modified":"2025-05-08T19:14:25","modified_gmt":"2025-05-08T19:14:25","slug":"instagram-feeds","status":"publish","type":"page","link":"https:\/\/dogsitting24.ch\/en\/instagram-feeds\/","title":{"rendered":"Instagram feeds"},"content":{"rendered":"<div data-elementor-type=\"wp-page\" data-elementor-id=\"10945\" class=\"elementor elementor-10945\">\n\t\t\t\t\t\t<section class=\"elementor-section elementor-top-section elementor-element elementor-element-08b6112 elementor-section-stretched elementor-section-boxed elementor-section-height-default elementor-section-height-default\" data-id=\"08b6112\" data-element_type=\"section\" data-settings=\"{&quot;stretch_section&quot;:&quot;section-stretched&quot;}\">\n\t\t\t\t\t\t<div class=\"elementor-container elementor-column-gap-default\">\n\t\t\t\t\t<div class=\"elementor-column elementor-col-100 elementor-top-column elementor-element elementor-element-7b42c87\" data-id=\"7b42c87\" data-element_type=\"column\">\n\t\t\t<div class=\"elementor-widget-wrap elementor-element-populated\">\n\t\t\t\t\t\t<div class=\"elementor-element elementor-element-4ce8880 elementor-widget elementor-widget-mt-spacer\" data-id=\"4ce8880\" data-element_type=\"widget\" data-widget_type=\"mt-spacer.default\">\n\t\t\t\t<div class=\"elementor-widget-container\">\n\t\t\t    <div class=\"mt-addons-flexible-spacer\">\n      <div class=\"mt-addons-empty-spacer-desktop\" style=\"height: 44px;\"><\/div>\n      <div class=\"mt-addons-empty-spacer-mobile\" style=\"height: px;\"><\/div>\n      <div class=\"mt-addons-empty-spacer-tablet\" style=\"height: px;\"><\/div>\n    <\/div>\n   \n    \t\t<\/div>\n\t\t\t\t<\/div>\n\t\t\t\t\t<\/div>\n\t\t<\/div>\n\t\t\t\t\t<\/div>\n\t\t<\/section>\n\t\t<div class=\"elementor-element elementor-element-f24c9d8 e-flex e-con-boxed e-con e-parent\" data-id=\"f24c9d8\" data-element_type=\"container\">\n\t\t\t\t\t<div class=\"e-con-inner\">\n\t\t\t\t<div class=\"elementor-element elementor-element-7ce4617 elementor-widget elementor-widget-heading\" data-id=\"7ce4617\" data-element_type=\"widget\" data-widget_type=\"heading.default\">\n\t\t\t\t<div class=\"elementor-widget-container\">\n\t\t\t<style>\/*! elementor - v3.21.0 - 30-04-2024 *\/\n.elementor-heading-title{padding:0;margin:0;line-height:1}.elementor-widget-heading .elementor-heading-title[class*=elementor-size-]>a{color:inherit;font-size:inherit;line-height:inherit}.elementor-widget-heading .elementor-heading-title.elementor-size-small{font-size:15px}.elementor-widget-heading .elementor-heading-title.elementor-size-medium{font-size:19px}.elementor-widget-heading .elementor-heading-title.elementor-size-large{font-size:29px}.elementor-widget-heading .elementor-heading-title.elementor-size-xl{font-size:39px}.elementor-widget-heading .elementor-heading-title.elementor-size-xxl{font-size:59px}<\/style><h2 class=\"elementor-heading-title elementor-size-default\">Instagram-Feed<\/h2>\t\t<\/div>\n\t\t\t\t<\/div>\n\t\t<div class=\"elementor-element elementor-element-bdda687 e-flex e-con-boxed e-con e-child\" data-id=\"bdda687\" data-element_type=\"container\">\n\t\t\t\t\t<div class=\"e-con-inner\">\n\t\t\t\t<div class=\"elementor-element elementor-element-a3f3bc7 elementor-widget elementor-widget-wp-widget-qligg_widget\" data-id=\"a3f3bc7\" data-element_type=\"widget\" data-widget_type=\"wp-widget-qligg_widget.default\">\n\t\t\t\t<div class=\"elementor-widget-container\">\n\t\t\t\t\t<div id=\"instagram-gallery-feed-0\" class=\"instagram-gallery-feed\" data-feed=\"{&quot;id&quot;:0,&quot;account_id&quot;:&quot;17841404445314901&quot;,&quot;source&quot;:&quot;username&quot;,&quot;tag&quot;:&quot;wordpress&quot;,&quot;order_by&quot;:&quot;top_media&quot;,&quot;layout&quot;:&quot;gallery&quot;,&quot;limit&quot;:&quot;12&quot;,&quot;columns&quot;:&quot;4&quot;,&quot;lazy&quot;:true,&quot;spacing&quot;:10,&quot;highlight&quot;:{&quot;tag&quot;:&quot;&quot;,&quot;id&quot;:&quot;&quot;,&quot;position&quot;:&quot;1,3,5&quot;},&quot;reel&quot;:{&quot;hide&quot;:false},&quot;copyright&quot;:{&quot;hide&quot;:false,&quot;placeholder&quot;:&quot;&quot;},&quot;profile&quot;:{&quot;display&quot;:false,&quot;auto&quot;:false,&quot;username&quot;:&quot;&quot;,&quot;nickname&quot;:&quot;&quot;,&quot;website&quot;:&quot;&quot;,&quot;biography&quot;:&quot;&quot;,&quot;link_text&quot;:&quot;Follow&quot;,&quot;website_text&quot;:&quot;Website&quot;,&quot;avatar&quot;:&quot;&quot;},&quot;box&quot;:{&quot;display&quot;:false,&quot;padding&quot;:1,&quot;radius&quot;:0,&quot;background&quot;:&quot;#fefefe&quot;,&quot;profile&quot;:false,&quot;desc&quot;:&quot;&quot;,&quot;text_color&quot;:&quot;#000000&quot;},&quot;mask&quot;:{&quot;display&quot;:true,&quot;background&quot;:&quot;#000000&quot;,&quot;likes_count&quot;:true,&quot;comments_count&quot;:true},&quot;card&quot;:{&quot;display&quot;:false,&quot;radius&quot;:1,&quot;font_size&quot;:12,&quot;background&quot;:&quot;#ffffff&quot;,&quot;background_hover&quot;:&quot;#ffffff&quot;,&quot;text_color&quot;:&quot;#000000&quot;,&quot;padding&quot;:5,&quot;likes_count&quot;:true,&quot;text_length&quot;:10,&quot;comments_count&quot;:true,&quot;text_align&quot;:&quot;left&quot;},&quot;carousel&quot;:{&quot;slidespv&quot;:5,&quot;autoplay&quot;:false,&quot;autoplay_interval&quot;:3000,&quot;navarrows&quot;:true,&quot;navarrows_color&quot;:&quot;&quot;,&quot;pagination&quot;:true,&quot;pagination_color&quot;:&quot;&quot;},&quot;modal&quot;:{&quot;display&quot;:true,&quot;profile&quot;:true,&quot;media_description&quot;:true,&quot;likes_count&quot;:true,&quot;comments_count&quot;:true,&quot;text_align&quot;:&quot;left&quot;,&quot;modal_align&quot;:&quot;right&quot;,&quot;text_length&quot;:10000,&quot;font_size&quot;:12},&quot;button&quot;:{&quot;display&quot;:true,&quot;text&quot;:&quot;Auf Instagram anzeigen&quot;,&quot;text_color&quot;:&quot;#ffffff&quot;,&quot;background&quot;:&quot;&quot;,&quot;background_hover&quot;:&quot;#000000&quot;},&quot;button_load&quot;:{&quot;display&quot;:false,&quot;text&quot;:&quot;Load more...&quot;,&quot;text_color&quot;:&quot;#ffff&quot;,&quot;background&quot;:&quot;&quot;,&quot;background_hover&quot;:&quot;&quot;},&quot;order&quot;:1}\">\n\t\t<!-- <FeedContainer\/> -->\n\t\t<\/div>\n\t\t\t\t<\/div>\n\t\t\t\t<\/div>\n\t\t<div class=\"elementor-element elementor-element-a8a983d e-flex e-con-boxed e-con e-child\" data-id=\"a8a983d\" data-element_type=\"container\">\n\t\t\t\t\t<div class=\"e-con-inner\">\n\t\t\t\t<div class=\"elementor-element elementor-element-a4c6995 elementor-widget elementor-widget-mt-spacer\" data-id=\"a4c6995\" data-element_type=\"widget\" data-widget_type=\"mt-spacer.default\">\n\t\t\t\t<div class=\"elementor-widget-container\">\n\t\t\t    <div class=\"mt-addons-flexible-spacer\">\n      <div class=\"mt-addons-empty-spacer-desktop\" style=\"height: 15px;\"><\/div>\n      <div class=\"mt-addons-empty-spacer-mobile\" style=\"height: 250px;\"><\/div>\n      <div class=\"mt-addons-empty-spacer-tablet\" style=\"height: 50px;\"><\/div>\n    <\/div>\n   \n    \t\t<\/div>\n\t\t\t\t<\/div>\n\t\t\t\t\t<\/div>\n\t\t\t\t<\/div>\n\t\t\t\t\t<\/div>\n\t\t\t\t<\/div>\n\t\t\t\t\t<\/div>\n\t\t\t\t<\/div>\n\t\t\t\t<\/div>","protected":false},"excerpt":{"rendered":"<p>Instagram-Feed<\/p>","protected":false},"author":1,"featured_media":0,"parent":0,"menu_order":0,"comment_status":"closed","ping_status":"closed","template":"","meta":{"_eb_attr":"","inline_featured_image":false,"footnotes":""},"yoast_head":"<!-- This site is optimized with the Yoast SEO plugin v24.4 - https:\/\/yoast.com\/wordpress\/plugins\/seo\/ -->\n<title>Hunde in Aktion: Unsere Instagram Feeds ansehen<\/title>\n<meta name=\"description\" content=\"Entdecke s\u00fc\u00dfe, lustige &amp; herzerw\u00e4rmende Hundemomente von der dogsitting24-Community \u2013 direkt aus unserem Instagram Feeds.\" \/>\n<meta name=\"robots\" content=\"index, follow, max-snippet:-1, max-image-preview:large, max-video-preview:-1\" \/>\n<link rel=\"canonical\" href=\"https:\/\/dogsitting24.ch\/en\/instagram-feeds\/\" \/>\n<meta property=\"og:locale\" content=\"en_US\" \/>\n<meta property=\"og:type\" content=\"article\" \/>\n<meta property=\"og:title\" content=\"Hunde in Aktion: Unsere Instagram Feeds ansehen\" \/>\n<meta property=\"og:description\" content=\"Entdecke s\u00fc\u00dfe, lustige &amp; herzerw\u00e4rmende Hundemomente von der dogsitting24-Community \u2013 direkt aus unserem Instagram Feeds.\" \/>\n<meta property=\"og:url\" content=\"https:\/\/dogsitting24.ch\/en\/instagram-feeds\/\" \/>\n<meta property=\"og:site_name\" content=\"DOGSITTING24\" \/>\n<meta property=\"article:modified_time\" content=\"2025-05-08T19:14:25+00:00\" \/>\n<meta name=\"twitter:card\" content=\"summary_large_image\" \/>\n<meta name=\"twitter:label1\" content=\"Est. reading time\" \/>\n\t<meta name=\"twitter:data1\" content=\"1 minute\" \/>\n<script type=\"application\/ld+json\" class=\"yoast-schema-graph\">{\"@context\":\"https:\/\/schema.org\",\"@graph\":[{\"@type\":\"WebPage\",\"@id\":\"https:\/\/dogsitting24.ch\/instagram-feeds\/\",\"url\":\"https:\/\/dogsitting24.ch\/instagram-feeds\/\",\"name\":\"Hunde in Aktion: Unsere Instagram Feeds ansehen\",\"isPartOf\":{\"@id\":\"https:\/\/dogsitting24.ch\/en\/#website\"},\"datePublished\":\"2024-04-30T12:55:31+00:00\",\"dateModified\":\"2025-05-08T19:14:25+00:00\",\"description\":\"Entdecke s\u00fc\u00dfe, lustige & herzerw\u00e4rmende Hundemomente von der dogsitting24-Community \u2013 direkt aus unserem Instagram Feeds.\",\"breadcrumb\":{\"@id\":\"https:\/\/dogsitting24.ch\/instagram-feeds\/#breadcrumb\"},\"inLanguage\":\"en-US\",\"potentialAction\":[{\"@type\":\"ReadAction\",\"target\":[\"https:\/\/dogsitting24.ch\/instagram-feeds\/\"]}]},{\"@type\":\"BreadcrumbList\",\"@id\":\"https:\/\/dogsitting24.ch\/instagram-feeds\/#breadcrumb\",\"itemListElement\":[{\"@type\":\"ListItem\",\"position\":1,\"name\":\"Home\",\"item\":\"https:\/\/dogsitting24.ch\/\"},{\"@type\":\"ListItem\",\"position\":2,\"name\":\"Instagram feeds\"}]},{\"@type\":\"WebSite\",\"@id\":\"https:\/\/dogsitting24.ch\/en\/#website\",\"url\":\"https:\/\/dogsitting24.ch\/en\/\",\"name\":\"DOGSITTING24\",\"description\":\"\",\"potentialAction\":[{\"@type\":\"SearchAction\",\"target\":{\"@type\":\"EntryPoint\",\"urlTemplate\":\"https:\/\/dogsitting24.ch\/en\/?s={search_term_string}\"},\"query-input\":{\"@type\":\"PropertyValueSpecification\",\"valueRequired\":true,\"valueName\":\"search_term_string\"}}],\"inLanguage\":\"en-US\"}]}<\/script>\n<!-- \/ Yoast SEO plugin. -->","yoast_head_json":{"title":"Hunde in Aktion: Unsere Instagram Feeds ansehen","description":"Entdecke s\u00fc\u00dfe, lustige & herzerw\u00e4rmende Hundemomente von der dogsitting24-Community \u2013 direkt aus unserem Instagram Feeds.","robots":{"index":"index","follow":"follow","max-snippet":"max-snippet:-1","max-image-preview":"max-image-preview:large","max-video-preview":"max-video-preview:-1"},"canonical":"https:\/\/dogsitting24.ch\/en\/instagram-feeds\/","og_locale":"en_US","og_type":"article","og_title":"Hunde in Aktion: Unsere Instagram Feeds ansehen","og_description":"Entdecke s\u00fc\u00dfe, lustige & herzerw\u00e4rmende Hundemomente von der dogsitting24-Community \u2013 direkt aus unserem Instagram Feeds.","og_url":"https:\/\/dogsitting24.ch\/en\/instagram-feeds\/","og_site_name":"DOGSITTING24","article_modified_time":"2025-05-08T19:14:25+00:00","twitter_card":"summary_large_image","twitter_misc":{"Est. reading time":"1 minute"},"schema":{"@context":"https:\/\/schema.org","@graph":[{"@type":"WebPage","@id":"https:\/\/dogsitting24.ch\/instagram-feeds\/","url":"https:\/\/dogsitting24.ch\/instagram-feeds\/","name":"Hunde in Aktion: Unsere Instagram Feeds ansehen","isPartOf":{"@id":"https:\/\/dogsitting24.ch\/en\/#website"},"datePublished":"2024-04-30T12:55:31+00:00","dateModified":"2025-05-08T19:14:25+00:00","description":"Entdecke s\u00fc\u00dfe, lustige & herzerw\u00e4rmende Hundemomente von der dogsitting24-Community \u2013 direkt aus unserem Instagram Feeds.","breadcrumb":{"@id":"https:\/\/dogsitting24.ch\/instagram-feeds\/#breadcrumb"},"inLanguage":"en-US","potentialAction":[{"@type":"ReadAction","target":["https:\/\/dogsitting24.ch\/instagram-feeds\/"]}]},{"@type":"BreadcrumbList","@id":"https:\/\/dogsitting24.ch\/instagram-feeds\/#breadcrumb","itemListElement":[{"@type":"ListItem","position":1,"name":"Home","item":"https:\/\/dogsitting24.ch\/"},{"@type":"ListItem","position":2,"name":"Instagram feeds"}]},{"@type":"WebSite","@id":"https:\/\/dogsitting24.ch\/en\/#website","url":"https:\/\/dogsitting24.ch\/en\/","name":"DOGSITTING24","description":"","potentialAction":[{"@type":"SearchAction","target":{"@type":"EntryPoint","urlTemplate":"https:\/\/dogsitting24.ch\/en\/?s={search_term_string}"},"query-input":{"@type":"PropertyValueSpecification","valueRequired":true,"valueName":"search_term_string"}}],"inLanguage":"en-US"}]}},"_links":{"self":[{"href":"https:\/\/dogsitting24.ch\/en\/wp-json\/wp\/v2\/pages\/10945"}],"collection":[{"href":"https:\/\/dogsitting24.ch\/en\/wp-json\/wp\/v2\/pages"}],"about":[{"href":"https:\/\/dogsitting24.ch\/en\/wp-json\/wp\/v2\/types\/page"}],"author":[{"embeddable":true,"href":"https:\/\/dogsitting24.ch\/en\/wp-json\/wp\/v2\/users\/1"}],"replies":[{"embeddable":true,"href":"https:\/\/dogsitting24.ch\/en\/wp-json\/wp\/v2\/comments?post=10945"}],"version-history":[{"count":132,"href":"https:\/\/dogsitting24.ch\/en\/wp-json\/wp\/v2\/pages\/10945\/revisions"}],"predecessor-version":[{"id":12319,"href":"https:\/\/dogsitting24.ch\/en\/wp-json\/wp\/v2\/pages\/10945\/revisions\/12319"}],"wp:attachment":[{"href":"https:\/\/dogsitting24.ch\/en\/wp-json\/wp\/v2\/media?parent=10945"}],"curies":[{"name":"wp","href":"https:\/\/api.w.org\/{rel}","templated":true}]}}