{"id":3512,"date":"2023-01-17T08:58:43","date_gmt":"2023-01-17T08:58:43","guid":{"rendered":"https:\/\/epicpaws.modeltheme.com\/?page_id=3512"},"modified":"2025-05-08T19:19:17","modified_gmt":"2025-05-08T19:19:17","slug":"nutzungsbedingungen","status":"publish","type":"page","link":"https:\/\/dogsitting24.ch\/en\/nutzungsbedingungen\/","title":{"rendered":"Terms of Use"},"content":{"rendered":"<div data-elementor-type=\"wp-page\" data-elementor-id=\"3512\" class=\"elementor elementor-3512\">\n\t\t\t\t\t\t<section class=\"elementor-section elementor-top-section elementor-element elementor-element-26cc2ecb elementor-section-stretched elementor-section-height-full elementor-section-boxed elementor-section-height-default elementor-section-items-middle\" data-id=\"26cc2ecb\" data-element_type=\"section\" data-settings=\"{&quot;stretch_section&quot;:&quot;section-stretched&quot;,&quot;background_background&quot;:&quot;classic&quot;}\">\n\t\t\t\t\t\t\t<div class=\"elementor-background-overlay\"><\/div>\n\t\t\t\t\t\t\t<div class=\"elementor-container elementor-column-gap-default\">\n\t\t\t\t\t<div class=\"elementor-column elementor-col-50 elementor-top-column elementor-element elementor-element-450f49aa\" data-id=\"450f49aa\" data-element_type=\"column\">\n\t\t\t<div class=\"elementor-widget-wrap\">\n\t\t\t\t\t\t\t<\/div>\n\t\t<\/div>\n\t\t\t\t<div class=\"elementor-column elementor-col-50 elementor-top-column elementor-element elementor-element-f7b128a\" data-id=\"f7b128a\" data-element_type=\"column\">\n\t\t\t<div class=\"elementor-widget-wrap elementor-element-populated\">\n\t\t\t\t\t\t<div class=\"elementor-element elementor-element-7bf63f4a elementor-widget-mobile__width-initial elementor-widget elementor-widget-heading\" data-id=\"7bf63f4a\" data-element_type=\"widget\" data-widget_type=\"heading.default\">\n\t\t\t\t<div class=\"elementor-widget-container\">\n\t\t\t<style>\/*! elementor - v3.21.0 - 30-04-2024 *\/\n.elementor-heading-title{padding:0;margin:0;line-height:1}.elementor-widget-heading .elementor-heading-title[class*=elementor-size-]>a{color:inherit;font-size:inherit;line-height:inherit}.elementor-widget-heading .elementor-heading-title.elementor-size-small{font-size:15px}.elementor-widget-heading .elementor-heading-title.elementor-size-medium{font-size:19px}.elementor-widget-heading .elementor-heading-title.elementor-size-large{font-size:29px}.elementor-widget-heading .elementor-heading-title.elementor-size-xl{font-size:39px}.elementor-widget-heading .elementor-heading-title.elementor-size-xxl{font-size:59px}<\/style><h5 class=\"elementor-heading-title elementor-size-default\">General terms and conditions of business<\/h5>\t\t<\/div>\n\t\t\t\t<\/div>\n\t\t\t\t\t<\/div>\n\t\t<\/div>\n\t\t\t\t\t<\/div>\n\t\t<\/section>\n\t\t<div class=\"elementor-element elementor-element-f8e4e42 e-flex e-con-boxed e-con e-parent\" data-id=\"f8e4e42\" data-element_type=\"container\">\n\t\t\t\t\t<div class=\"e-con-inner\">\n\t\t<div class=\"elementor-element elementor-element-b9a6ef9 e-flex e-con-boxed e-con e-child\" data-id=\"b9a6ef9\" data-element_type=\"container\">\n\t\t\t\t\t<div class=\"e-con-inner\">\n\t\t\t\t<div class=\"elementor-element elementor-element-bf054f1 elementor-widget elementor-widget-heading\" data-id=\"bf054f1\" data-element_type=\"widget\" data-widget_type=\"heading.default\">\n\t\t\t\t<div class=\"elementor-widget-container\">\n\t\t\t<h4 class=\"elementor-heading-title elementor-size-default\">What we expect from your dog in our care:<\/h4>\t\t<\/div>\n\t\t\t\t<\/div>\n\t\t\t\t<div class=\"elementor-element elementor-element-f98fbdf elementor-widget elementor-widget-text-editor\" data-id=\"f98fbdf\" data-element_type=\"widget\" data-widget_type=\"text-editor.default\">\n\t\t\t\t<div class=\"elementor-widget-container\">\n\t\t\t<style>\/*! elementor - v3.21.0 - 30-04-2024 *\/\n.elementor-widget-text-editor.elementor-drop-cap-view-stacked .elementor-drop-cap{background-color:#69727d;color:#fff}.elementor-widget-text-editor.elementor-drop-cap-view-framed .elementor-drop-cap{color:#69727d;border:3px solid;background-color:transparent}.elementor-widget-text-editor:not(.elementor-drop-cap-view-default) .elementor-drop-cap{margin-top:8px}.elementor-widget-text-editor:not(.elementor-drop-cap-view-default) .elementor-drop-cap-letter{width:1em;height:1em}.elementor-widget-text-editor .elementor-drop-cap{float:left;text-align:center;line-height:1;font-size:50px}.elementor-widget-text-editor .elementor-drop-cap-letter{display:inline-block}<\/style>\t\t\t\t<ul>\n<li>Your dog must be socially compatible with other dogs.<\/li>\n<li>House trained (intact males are not allowed to mark indoors).<\/li>\n<li>No aggression towards conspecifics.<\/li>\n<li>Complete vaccinations (including kennel cough and regular deworming).<\/li>\n<li>Your dog must be fit (we go on walks for 2-3 hours).<\/li>\n<li>The dogs are running free on the trail, so your dog must have a reliable recall.<\/li>\n<li>The drop-off day and pick-up day are charged as a full day.<\/li>\n<li>Public holiday surcharge: CHF 10.- per day.<\/li>\n<li>Every new dog must have a trial day.<\/li>\n<li>We do not accept females in heat.<\/li>\n<li>Day care appointments must be cancelled at least 24 hours in advance and holiday care appointments must be cancelled at least 1 week in advance, otherwise the full amount will be charged.<\/li>\n<li>Dogs that show symptoms of illness \u2013 e.g. vomiting, diarrhea, coughing \u2013 will not be accepted into care.<\/li>\n<li>Food and any medication are provided by the owner.<\/li>\n<li>Veterinary costs during the stay at Dogsitting24 are borne by the owner.<\/li>\n<li>Images and videos will be made available to you, as well as social media (Instagram, Facebook) and website design. If this is not desired, this must be explained in writing.<\/li>\n<\/ul>\t\t\t\t\t\t<\/div>\n\t\t\t\t<\/div>\n\t\t\t\t\t<\/div>\n\t\t\t\t<\/div>\n\t\t\t\t\t<\/div>\n\t\t\t\t<\/div>\n\t\t\t\t<\/div>","protected":false},"excerpt":{"rendered":"<p>Allgemeine Gesch\u00e4fts-bedingungen Was wir von Ihrem Hund erwarten in unserer Betreuung: Ihr Hund muss mit anderen Hunden Sozial vetr\u00e4glich sein. Stubenrein (Intakte R\u00fcden d\u00fcrfen innen nicht markieren). Keine Aggressionen gegen\u00fcber Artgenossen. Vollst\u00e4ndige Impfungen (inkl. Zwingerhusten und regelm\u00e4ssige Entwurmung). Ihr Hund muss fit sein (wir sind zwischen 2-3 Stunden unterwegs). Unterwegs sind die Hunde im Freilauf, [&hellip;]<\/p>","protected":false},"author":1,"featured_media":0,"parent":0,"menu_order":0,"comment_status":"closed","ping_status":"closed","template":"","meta":{"_eb_attr":"","inline_featured_image":false,"footnotes":""},"yoast_head":"<!-- This site is optimized with the Yoast SEO plugin v24.4 - https:\/\/yoast.com\/wordpress\/plugins\/seo\/ -->\n<title>Allgemeine Nutzungsbedingungen f\u00fcr unsere Plattform<\/title>\n<meta name=\"description\" content=\"Hier findest du die g\u00fcltigen Nutzungsbedingungen f\u00fcr die Verwendung der Plattform dogsitting24 \u2013 transparent und rechtskonform.\" \/>\n<meta name=\"robots\" content=\"index, follow, max-snippet:-1, max-image-preview:large, max-video-preview:-1\" \/>\n<link rel=\"canonical\" href=\"https:\/\/dogsitting24.ch\/en\/nutzungsbedingungen\/\" \/>\n<meta property=\"og:locale\" content=\"en_US\" \/>\n<meta property=\"og:type\" content=\"article\" \/>\n<meta property=\"og:title\" content=\"Allgemeine Nutzungsbedingungen f\u00fcr unsere Plattform\" \/>\n<meta property=\"og:description\" content=\"Hier findest du die g\u00fcltigen Nutzungsbedingungen f\u00fcr die Verwendung der Plattform dogsitting24 \u2013 transparent und rechtskonform.\" \/>\n<meta property=\"og:url\" content=\"https:\/\/dogsitting24.ch\/en\/nutzungsbedingungen\/\" \/>\n<meta property=\"og:site_name\" content=\"DOGSITTING24\" \/>\n<meta property=\"article:modified_time\" content=\"2025-05-08T19:19:17+00:00\" \/>\n<meta name=\"twitter:card\" content=\"summary_large_image\" \/>\n<meta name=\"twitter:label1\" content=\"Est. reading time\" \/>\n\t<meta name=\"twitter:data1\" content=\"1 minute\" \/>\n<script type=\"application\/ld+json\" class=\"yoast-schema-graph\">{\"@context\":\"https:\/\/schema.org\",\"@graph\":[{\"@type\":\"WebPage\",\"@id\":\"https:\/\/dogsitting24.ch\/nutzungsbedingungen\/\",\"url\":\"https:\/\/dogsitting24.ch\/nutzungsbedingungen\/\",\"name\":\"Allgemeine Nutzungsbedingungen f\u00fcr unsere Plattform\",\"isPartOf\":{\"@id\":\"https:\/\/dogsitting24.ch\/en\/#website\"},\"datePublished\":\"2023-01-17T08:58:43+00:00\",\"dateModified\":\"2025-05-08T19:19:17+00:00\",\"description\":\"Hier findest du die g\u00fcltigen Nutzungsbedingungen f\u00fcr die Verwendung der Plattform dogsitting24 \u2013 transparent und rechtskonform.\",\"breadcrumb\":{\"@id\":\"https:\/\/dogsitting24.ch\/nutzungsbedingungen\/#breadcrumb\"},\"inLanguage\":\"en-US\",\"potentialAction\":[{\"@type\":\"ReadAction\",\"target\":[\"https:\/\/dogsitting24.ch\/nutzungsbedingungen\/\"]}]},{\"@type\":\"BreadcrumbList\",\"@id\":\"https:\/\/dogsitting24.ch\/nutzungsbedingungen\/#breadcrumb\",\"itemListElement\":[{\"@type\":\"ListItem\",\"position\":1,\"name\":\"Home\",\"item\":\"https:\/\/dogsitting24.ch\/\"},{\"@type\":\"ListItem\",\"position\":2,\"name\":\"Nutzungsbedingungen\"}]},{\"@type\":\"WebSite\",\"@id\":\"https:\/\/dogsitting24.ch\/en\/#website\",\"url\":\"https:\/\/dogsitting24.ch\/en\/\",\"name\":\"DOGSITTING24\",\"description\":\"\",\"potentialAction\":[{\"@type\":\"SearchAction\",\"target\":{\"@type\":\"EntryPoint\",\"urlTemplate\":\"https:\/\/dogsitting24.ch\/en\/?s={search_term_string}\"},\"query-input\":{\"@type\":\"PropertyValueSpecification\",\"valueRequired\":true,\"valueName\":\"search_term_string\"}}],\"inLanguage\":\"en-US\"}]}<\/script>\n<!-- \/ Yoast SEO plugin. -->","yoast_head_json":{"title":"Allgemeine Nutzungsbedingungen f\u00fcr unsere Plattform","description":"Hier findest du die g\u00fcltigen Nutzungsbedingungen f\u00fcr die Verwendung der Plattform dogsitting24 \u2013 transparent und rechtskonform.","robots":{"index":"index","follow":"follow","max-snippet":"max-snippet:-1","max-image-preview":"max-image-preview:large","max-video-preview":"max-video-preview:-1"},"canonical":"https:\/\/dogsitting24.ch\/en\/nutzungsbedingungen\/","og_locale":"en_US","og_type":"article","og_title":"Allgemeine Nutzungsbedingungen f\u00fcr unsere Plattform","og_description":"Hier findest du die g\u00fcltigen Nutzungsbedingungen f\u00fcr die Verwendung der Plattform dogsitting24 \u2013 transparent und rechtskonform.","og_url":"https:\/\/dogsitting24.ch\/en\/nutzungsbedingungen\/","og_site_name":"DOGSITTING24","article_modified_time":"2025-05-08T19:19:17+00:00","twitter_card":"summary_large_image","twitter_misc":{"Est. reading time":"1 minute"},"schema":{"@context":"https:\/\/schema.org","@graph":[{"@type":"WebPage","@id":"https:\/\/dogsitting24.ch\/nutzungsbedingungen\/","url":"https:\/\/dogsitting24.ch\/nutzungsbedingungen\/","name":"Allgemeine Nutzungsbedingungen f\u00fcr unsere Plattform","isPartOf":{"@id":"https:\/\/dogsitting24.ch\/en\/#website"},"datePublished":"2023-01-17T08:58:43+00:00","dateModified":"2025-05-08T19:19:17+00:00","description":"Hier findest du die g\u00fcltigen Nutzungsbedingungen f\u00fcr die Verwendung der Plattform dogsitting24 \u2013 transparent und rechtskonform.","breadcrumb":{"@id":"https:\/\/dogsitting24.ch\/nutzungsbedingungen\/#breadcrumb"},"inLanguage":"en-US","potentialAction":[{"@type":"ReadAction","target":["https:\/\/dogsitting24.ch\/nutzungsbedingungen\/"]}]},{"@type":"BreadcrumbList","@id":"https:\/\/dogsitting24.ch\/nutzungsbedingungen\/#breadcrumb","itemListElement":[{"@type":"ListItem","position":1,"name":"Home","item":"https:\/\/dogsitting24.ch\/"},{"@type":"ListItem","position":2,"name":"Nutzungsbedingungen"}]},{"@type":"WebSite","@id":"https:\/\/dogsitting24.ch\/en\/#website","url":"https:\/\/dogsitting24.ch\/en\/","name":"DOGSITTING24","description":"","potentialAction":[{"@type":"SearchAction","target":{"@type":"EntryPoint","urlTemplate":"https:\/\/dogsitting24.ch\/en\/?s={search_term_string}"},"query-input":{"@type":"PropertyValueSpecification","valueRequired":true,"valueName":"search_term_string"}}],"inLanguage":"en-US"}]}},"_links":{"self":[{"href":"https:\/\/dogsitting24.ch\/en\/wp-json\/wp\/v2\/pages\/3512"}],"collection":[{"href":"https:\/\/dogsitting24.ch\/en\/wp-json\/wp\/v2\/pages"}],"about":[{"href":"https:\/\/dogsitting24.ch\/en\/wp-json\/wp\/v2\/types\/page"}],"author":[{"embeddable":true,"href":"https:\/\/dogsitting24.ch\/en\/wp-json\/wp\/v2\/users\/1"}],"replies":[{"embeddable":true,"href":"https:\/\/dogsitting24.ch\/en\/wp-json\/wp\/v2\/comments?post=3512"}],"version-history":[{"count":329,"href":"https:\/\/dogsitting24.ch\/en\/wp-json\/wp\/v2\/pages\/3512\/revisions"}],"predecessor-version":[{"id":13648,"href":"https:\/\/dogsitting24.ch\/en\/wp-json\/wp\/v2\/pages\/3512\/revisions\/13648"}],"wp:attachment":[{"href":"https:\/\/dogsitting24.ch\/en\/wp-json\/wp\/v2\/media?parent=3512"}],"curies":[{"name":"wp","href":"https:\/\/api.w.org\/{rel}","templated":true}]}}